{"id":5161,"date":"2024-09-17T13:31:25","date_gmt":"2024-09-17T11:31:25","guid":{"rendered":"https:\/\/www.discloseparis.com\/?post_type=product&#038;p=5161"},"modified":"2024-09-18T17:22:09","modified_gmt":"2024-09-18T15:22:09","slug":"shampooing-flax-330ml","status":"publish","type":"product","link":"https:\/\/www.discloseparis.com\/de\/product\/shampooing-flax-330ml\/","title":{"rendered":"FLAX SHAMPOO 330ml"},"content":{"rendered":"<p>Zur Behandlung von feinem Haar, das Volumen ben\u00f6tigt. Unser salzfreies, mit Vitamin E angereichertes therapeutisches Shampoo hilft, das Haar zu st\u00e4rken und Spliss wiederherzustellen. Es reinigt das Haar gr\u00fcndlich, ohne es auszutrocknen, verleiht dem Haar Glanz und beeindruckendes Volumen und hinterl\u00e4sst einen langanhaltend frischen Duft. Empfohlen f\u00fcr den t\u00e4glichen Gebrauch.<\/p>\n","protected":false},"excerpt":{"rendered":"<p><span style=\"color: #ffffff;\">Eine Reihe kosmetischer Produkte auf Basis von Leinsamen f\u00fcr feines, trockenes oder sensibilisiertes Haar. Produkte ohne Salz oder Parabene.<br \/>\nEine auf die Haarpflege spezialisierte Produktreihe, die die ideale Reihe zum Schutz und zur Wiederherstellung Ihres Haares darstellt und ihm Kraft und Vitalit\u00e4t, Glanz und Volumen sowie maximale Feuchtigkeitsversorgung verleiht.<\/span><\/p>\n","protected":false},"featured_media":5179,"template":"","meta":[],"product_brand":[],"product_cat":[108,103,110,122],"product_tag":[],"class_list":{"0":"post-5161","1":"product","2":"type-product","3":"status-publish","4":"has-post-thumbnail","6":"product_cat-cheveux-diclose","7":"product_cat-collections","8":"product_cat-shampoing","9":"product_cat-flax-edition","11":"first","12":"instock","13":"taxable","14":"shipping-taxable","15":"purchasable","16":"product-type-simple"},"translation":{"provider":"WPGlobus","version":"3.0.2","language":"de","enabled_languages":["fr","en","de"],"languages":{"fr":{"title":true,"content":true,"excerpt":true},"en":{"title":true,"content":true,"excerpt":true},"de":{"title":true,"content":true,"excerpt":true}}},"jetpack_sharing_enabled":true,"_links":{"self":[{"href":"https:\/\/www.discloseparis.com\/de\/wp-json\/wp\/v2\/product\/5161","targetHints":{"allow":["GET"]}}],"collection":[{"href":"https:\/\/www.discloseparis.com\/de\/wp-json\/wp\/v2\/product"}],"about":[{"href":"https:\/\/www.discloseparis.com\/de\/wp-json\/wp\/v2\/types\/product"}],"wp:featuredmedia":[{"embeddable":true,"href":"https:\/\/www.discloseparis.com\/de\/wp-json\/wp\/v2\/media\/5179"}],"wp:attachment":[{"href":"https:\/\/www.discloseparis.com\/de\/wp-json\/wp\/v2\/media?parent=5161"}],"wp:term":[{"taxonomy":"product_brand","embeddable":true,"href":"https:\/\/www.discloseparis.com\/de\/wp-json\/wp\/v2\/product_brand?post=5161"},{"taxonomy":"product_cat","embeddable":true,"href":"https:\/\/www.discloseparis.com\/de\/wp-json\/wp\/v2\/product_cat?post=5161"},{"taxonomy":"product_tag","embeddable":true,"href":"https:\/\/www.discloseparis.com\/de\/wp-json\/wp\/v2\/product_tag?post=5161"}],"curies":[{"name":"wp","href":"https:\/\/api.w.org\/{rel}","templated":true}]}}