{"id":5159,"date":"2024-09-17T04:10:19","date_gmt":"2024-09-17T02:10:19","guid":{"rendered":"https:\/\/www.discloseparis.com\/?post_type=product&#038;p=5159"},"modified":"2024-09-22T19:57:16","modified_gmt":"2024-09-22T17:57:16","slug":"coffret-essentiel-flax","status":"publish","type":"product","link":"https:\/\/www.discloseparis.com\/de\/product\/coffret-essentiel-flax\/","title":{"rendered":"FLAX ESSENTIAL-BOX"},"content":{"rendered":"<p><span style=\"color: #ffffff;\">Unser salzfreies, mit Vitamin E angereichertes therapeutisches Shampoo hilft, das Haar zu st\u00e4rken und Spliss wiederherzustellen. Es reinigt das Haar gr\u00fcndlich, ohne es auszutrocknen, verleiht dem Haar Glanz und beeindruckendes Volumen und hinterl\u00e4sst einen langanhaltend frischen Duft. Empfohlen f\u00fcr den t\u00e4glichen Gebrauch. <\/p>\n<p>Haarmaske zur Behandlung von feinem Haar, das Volumen ben\u00f6tigt.<br \/>\nUnsere therapeutische Maske wird f\u00fcr die Pflege und den Schutz von feinem und br\u00fcchigem Haar empfohlen, das verschiedenen Behandlungen unterzogen wurde, wie zum Beispiel: Gl\u00e4tten aller Art, F\u00e4rben, Aufhellen oder Locken. Seine einzigartige Formel, angereichert mit Oliven\u00f6l und anderen \u00d6len, hilft, das Haar wiederherzustellen, zu st\u00e4rken und zu pflegen. Die regelm\u00e4\u00dfige Anwendung verleiht dem Haar Vitalit\u00e4t und Volumen, Glanz und Geschmeidigkeit sowie einen frischen Duft, der den ganzen Tag anh\u00e4lt.<\/span><\/p>\n","protected":false},"excerpt":{"rendered":"<p><strong> <span style=\"color: #ffffff;\"> &#8211; SHAMPOO 330ml<br \/>\n&#8211; HAARMASKE 500 ml &lt;\/ span&gt; &lt;\/ strong&gt;<\/span><\/strong><\/p>\n<p>&nbsp;<\/p>\n<p><span style=\"color: #ffffff;\">Eine Reihe kosmetischer Produkte auf Basis von Leinsamen f\u00fcr feines, trockenes oder sensibilisiertes Haar. Produkte ohne Salz oder Parabene.Eine auf die Haarpflege spezialisierte Produktreihe, die die ideale Reihe zum Schutz und zur Wiederherstellung Ihres Haares darstellt und ihm Kraft und Vitalit\u00e4t, Glanz und Volumen sowie maximale Feuchtigkeitsversorgung verleiht. Zur Behandlung von feinem Haar, das Volumen ben\u00f6tigt.<\/span><\/p>\n","protected":false},"featured_media":5184,"template":"","meta":[],"product_brand":[],"product_cat":[118],"product_tag":[],"class_list":{"0":"post-5159","1":"product","2":"type-product","3":"status-publish","4":"has-post-thumbnail","6":"product_cat-coffrets","8":"first","9":"instock","10":"taxable","11":"shipping-taxable","12":"purchasable","13":"product-type-simple"},"translation":{"provider":"WPGlobus","version":"3.0.2","language":"de","enabled_languages":["fr","en","de"],"languages":{"fr":{"title":true,"content":true,"excerpt":true},"en":{"title":true,"content":true,"excerpt":true},"de":{"title":true,"content":true,"excerpt":true}}},"jetpack_sharing_enabled":true,"_links":{"self":[{"href":"https:\/\/www.discloseparis.com\/de\/wp-json\/wp\/v2\/product\/5159","targetHints":{"allow":["GET"]}}],"collection":[{"href":"https:\/\/www.discloseparis.com\/de\/wp-json\/wp\/v2\/product"}],"about":[{"href":"https:\/\/www.discloseparis.com\/de\/wp-json\/wp\/v2\/types\/product"}],"wp:featuredmedia":[{"embeddable":true,"href":"https:\/\/www.discloseparis.com\/de\/wp-json\/wp\/v2\/media\/5184"}],"wp:attachment":[{"href":"https:\/\/www.discloseparis.com\/de\/wp-json\/wp\/v2\/media?parent=5159"}],"wp:term":[{"taxonomy":"product_brand","embeddable":true,"href":"https:\/\/www.discloseparis.com\/de\/wp-json\/wp\/v2\/product_brand?post=5159"},{"taxonomy":"product_cat","embeddable":true,"href":"https:\/\/www.discloseparis.com\/de\/wp-json\/wp\/v2\/product_cat?post=5159"},{"taxonomy":"product_tag","embeddable":true,"href":"https:\/\/www.discloseparis.com\/de\/wp-json\/wp\/v2\/product_tag?post=5159"}],"curies":[{"name":"wp","href":"https:\/\/api.w.org\/{rel}","templated":true}]}}