{"id":4283,"date":"2020-04-23T17:10:45","date_gmt":"2020-04-23T15:10:45","guid":{"rendered":"https:\/\/www.discloseparis.com\/?post_type=product&#038;p=4283"},"modified":"2024-10-10T17:26:52","modified_gmt":"2024-10-10T15:26:52","slug":"coffret-exclusif-huile-dargan","status":"publish","type":"product","link":"https:\/\/www.discloseparis.com\/de\/product\/coffret-exclusif-huile-dargan\/","title":{"rendered":"EXKLUSIVE ARGAN OIL BOX"},"content":{"rendered":"<p><span style=\"color: #ffffff;\">Unser n\u00e4hrendes Shampoo repariert und st\u00e4rkt spr\u00f6de und splissige Spitzen, reinigt Ihr Haar gr\u00fcndlich und hilft dabei, den pH-Wert der Kopfhaut auszugleichen, sodass das Haar gesund und strahlend aussieht.<\/p>\n<p>Unsere Haarmaske enth\u00e4lt reines Argan\u00f6l und pflanzliche Inhaltsstoffe, die in die Haut eindringen Haarfaser, die f\u00fcr N\u00e4hrstoffe und Glanz sorgt.<\/p>\n<p>Unsere Feuchtigkeitscreme vereint die Eigenschaften von Designschaum mit wirksamem Schutz gegen Feuchtigkeit und verleiht Ihren Locken ein nat\u00fcrliches Aussehen und ein endg\u00fcltiges Design, ohne ein klebriges Gef\u00fchl zu hinterlassen.<\/p>\n<p>Unser Serum repariert gesch\u00e4digtes Haar, st\u00e4rkt und l\u00e4sst das Haar gl\u00e4nzen.<\/span><\/p>\n","protected":false},"excerpt":{"rendered":"<p><strong> <span style=\"color: #ffffff;\"> &#8211; SHAMPOO 330ml<br \/>\n&#8211; HAARMASKE 500ml<br \/>\n&#8211; FEUCHTIGKEITSCREME 330ml<br \/>\n&#8211; SERUM 50 ml &lt;\/ span&gt; &lt;\/ strong&gt;<\/span><\/strong><\/p>\n<p>&nbsp;<\/p>\n<p><span style=\"color: #ffffff;\">Eine Reihe kosmetischer Produkte auf Basis von Argan\u00f6l gegen spr\u00f6de und splissige Spitzen. Produkte ohne Salz oder Parabene. Eine auf die Haarpflege spezialisierte Produktkollektion stellt die ideale Palette dar, um Ihr Haar zu reparieren und zu st\u00e4rken und ihm N\u00e4hrstoffe und Glanz sowie ein gesundes und strahlendes Aussehen zu verleihen! <<\/span><\/p>\n","protected":false},"featured_media":5186,"template":"","meta":[],"product_brand":[],"product_cat":[118],"product_tag":[],"class_list":{"0":"post-4283","1":"product","2":"type-product","3":"status-publish","4":"has-post-thumbnail","6":"product_cat-coffrets","8":"first","9":"instock","10":"taxable","11":"shipping-taxable","12":"purchasable","13":"product-type-simple"},"translation":{"provider":"WPGlobus","version":"3.0.2","language":"de","enabled_languages":["fr","en","de"],"languages":{"fr":{"title":true,"content":true,"excerpt":true},"en":{"title":true,"content":true,"excerpt":true},"de":{"title":true,"content":true,"excerpt":true}}},"jetpack_sharing_enabled":true,"_links":{"self":[{"href":"https:\/\/www.discloseparis.com\/de\/wp-json\/wp\/v2\/product\/4283","targetHints":{"allow":["GET"]}}],"collection":[{"href":"https:\/\/www.discloseparis.com\/de\/wp-json\/wp\/v2\/product"}],"about":[{"href":"https:\/\/www.discloseparis.com\/de\/wp-json\/wp\/v2\/types\/product"}],"wp:featuredmedia":[{"embeddable":true,"href":"https:\/\/www.discloseparis.com\/de\/wp-json\/wp\/v2\/media\/5186"}],"wp:attachment":[{"href":"https:\/\/www.discloseparis.com\/de\/wp-json\/wp\/v2\/media?parent=4283"}],"wp:term":[{"taxonomy":"product_brand","embeddable":true,"href":"https:\/\/www.discloseparis.com\/de\/wp-json\/wp\/v2\/product_brand?post=4283"},{"taxonomy":"product_cat","embeddable":true,"href":"https:\/\/www.discloseparis.com\/de\/wp-json\/wp\/v2\/product_cat?post=4283"},{"taxonomy":"product_tag","embeddable":true,"href":"https:\/\/www.discloseparis.com\/de\/wp-json\/wp\/v2\/product_tag?post=4283"}],"curies":[{"name":"wp","href":"https:\/\/api.w.org\/{rel}","templated":true}]}}