{"id":4059,"date":"2020-02-17T11:13:49","date_gmt":"2020-02-17T10:13:49","guid":{"rendered":"https:\/\/www.discloseparis.com\/?post_type=product&#038;p=4059"},"modified":"2021-04-07T13:20:19","modified_gmt":"2021-04-07T11:20:19","slug":"savon-agrume-avoine","status":"publish","type":"product","link":"https:\/\/www.discloseparis.com\/de\/product\/savon-agrume-avoine\/","title":{"rendered":"ZIEGENMILCHSEIFENMASKE &#8211; ZITRUS \/ HAFER 100gr"},"content":{"rendered":"<p>Die DISCLOSE Ziegenmilchmaske wird zu 100% auf handwerkliche Weise hergestellt und besteht aus \u00e4therischen \u00d6len von Zitrusfr\u00fcchten und Hafer. Die Disclose-Behandlung ist die wesentliche Behandlung gegen Pilze, Bakterien und Flecken. <br \/>\nIdeal f\u00fcr die Behandlung von Hautproblemen (Akne, Ekzeme, Psoriasis, Schnitte, Flecken &#8230;). Es versorgt die Haut mit dieser intensiven Energie, die jeden Tag ben\u00f6tigt wird.<\/p>\n","protected":false},"excerpt":{"rendered":"<p><span style=\"color: #ffffff;\">Die DISCLOSE-Ziegenmilchmaske wird auf handwerkliche Weise zu 100% hergestellt und besteht aus \u00e4therischen \u00d6len von Zitrusfr\u00fcchten und Hafer. Disclose Care ist die wesentliche antimykotische, antibakterielle und fleckenhemmende Pflege.<br \/>\n <\/span><\/p>\n","protected":false},"featured_media":4060,"template":"","meta":[],"product_brand":[],"product_cat":[103,111,107,106],"product_tag":[],"class_list":{"0":"post-4059","1":"product","2":"type-product","3":"status-publish","4":"has-post-thumbnail","6":"product_cat-collections","7":"product_cat-savon","8":"product_cat-visage","9":"product_cat-pure-edition","11":"first","12":"instock","13":"taxable","14":"shipping-taxable","15":"purchasable","16":"product-type-simple"},"translation":{"provider":"WPGlobus","version":"3.0.2","language":"de","enabled_languages":["fr","en","de"],"languages":{"fr":{"title":true,"content":true,"excerpt":true},"en":{"title":true,"content":true,"excerpt":true},"de":{"title":true,"content":true,"excerpt":true}}},"jetpack_sharing_enabled":true,"_links":{"self":[{"href":"https:\/\/www.discloseparis.com\/de\/wp-json\/wp\/v2\/product\/4059","targetHints":{"allow":["GET"]}}],"collection":[{"href":"https:\/\/www.discloseparis.com\/de\/wp-json\/wp\/v2\/product"}],"about":[{"href":"https:\/\/www.discloseparis.com\/de\/wp-json\/wp\/v2\/types\/product"}],"wp:featuredmedia":[{"embeddable":true,"href":"https:\/\/www.discloseparis.com\/de\/wp-json\/wp\/v2\/media\/4060"}],"wp:attachment":[{"href":"https:\/\/www.discloseparis.com\/de\/wp-json\/wp\/v2\/media?parent=4059"}],"wp:term":[{"taxonomy":"product_brand","embeddable":true,"href":"https:\/\/www.discloseparis.com\/de\/wp-json\/wp\/v2\/product_brand?post=4059"},{"taxonomy":"product_cat","embeddable":true,"href":"https:\/\/www.discloseparis.com\/de\/wp-json\/wp\/v2\/product_cat?post=4059"},{"taxonomy":"product_tag","embeddable":true,"href":"https:\/\/www.discloseparis.com\/de\/wp-json\/wp\/v2\/product_tag?post=4059"}],"curies":[{"name":"wp","href":"https:\/\/api.w.org\/{rel}","templated":true}]}}