{"id":4014,"date":"2020-01-29T13:18:49","date_gmt":"2020-01-29T12:18:49","guid":{"rendered":"http:\/\/suivi.procoms.fr\/disclose\/?post_type=product&#038;p=4014"},"modified":"2024-09-18T19:02:39","modified_gmt":"2024-09-18T17:02:39","slug":"masque-capillaire-a-la-keratine","status":"publish","type":"product","link":"https:\/\/www.discloseparis.com\/de\/product\/masque-capillaire-a-la-keratine\/","title":{"rendered":"KERATIN HAARMASKE 500ml"},"content":{"rendered":"<p><span style=\"color: #ffffff;\">Haarmaske auf Basis von reinem Keratin, reich an essentiellen Omega-3-, 6- und 9-Fetts\u00e4uren, angereichert mit einem Komplex aus essentiellen Vitaminen und Sheabutter. Unsere Maske wurde entwickelt, um die Haarfasern wiederherzustellen und zu st\u00e4rken, vor freien Radikalen zu sch\u00fctzen und zu versorgen Weichheit und Glanz und helfen, Spliss zu reparieren. Geeignet f\u00fcr trockenes und strapaziertes Haar.<\/span><\/p>\n","protected":false},"excerpt":{"rendered":"<p><span style=\"color: #ffffff;\">Kosmetikproduktserie auf Basis von reinem Keratin f\u00fcr trockenes oder strapaziertes Haar. Produkte ohne Salz oder Parabene. Eine auf Haarpflege spezialisierte Produktserie, ideal zur St\u00e4rkung Ihres Haares und zur Reparatur von Spliss. Sagen Sie Hallo zu weichem, gl\u00e4nzendem Haar und unwiderstehlichem Duft!<\/span><\/p>\n","protected":false},"featured_media":5173,"template":"","meta":[],"product_brand":[],"product_cat":[108,103,112,113,104],"product_tag":[],"class_list":{"0":"post-4014","1":"product","2":"type-product","3":"status-publish","4":"has-post-thumbnail","6":"product_cat-cheveux-diclose","7":"product_cat-collections","8":"product_cat-masque-capillaire","9":"product_cat-selection","10":"product_cat-black-edition-collections","12":"first","13":"instock","14":"taxable","15":"shipping-taxable","16":"purchasable","17":"product-type-simple"},"translation":{"provider":"WPGlobus","version":"3.0.2","language":"de","enabled_languages":["fr","en","de"],"languages":{"fr":{"title":true,"content":true,"excerpt":true},"en":{"title":true,"content":true,"excerpt":true},"de":{"title":true,"content":true,"excerpt":true}}},"jetpack_sharing_enabled":true,"_links":{"self":[{"href":"https:\/\/www.discloseparis.com\/de\/wp-json\/wp\/v2\/product\/4014","targetHints":{"allow":["GET"]}}],"collection":[{"href":"https:\/\/www.discloseparis.com\/de\/wp-json\/wp\/v2\/product"}],"about":[{"href":"https:\/\/www.discloseparis.com\/de\/wp-json\/wp\/v2\/types\/product"}],"wp:featuredmedia":[{"embeddable":true,"href":"https:\/\/www.discloseparis.com\/de\/wp-json\/wp\/v2\/media\/5173"}],"wp:attachment":[{"href":"https:\/\/www.discloseparis.com\/de\/wp-json\/wp\/v2\/media?parent=4014"}],"wp:term":[{"taxonomy":"product_brand","embeddable":true,"href":"https:\/\/www.discloseparis.com\/de\/wp-json\/wp\/v2\/product_brand?post=4014"},{"taxonomy":"product_cat","embeddable":true,"href":"https:\/\/www.discloseparis.com\/de\/wp-json\/wp\/v2\/product_cat?post=4014"},{"taxonomy":"product_tag","embeddable":true,"href":"https:\/\/www.discloseparis.com\/de\/wp-json\/wp\/v2\/product_tag?post=4014"}],"curies":[{"name":"wp","href":"https:\/\/api.w.org\/{rel}","templated":true}]}}