{"id":4007,"date":"2020-01-29T13:10:33","date_gmt":"2020-01-29T12:10:33","guid":{"rendered":"http:\/\/suivi.procoms.fr\/disclose\/?page_id=4007"},"modified":"2021-04-07T10:19:46","modified_gmt":"2021-04-07T08:19:46","slug":"conditions-generales-de-vente","status":"publish","type":"page","link":"https:\/\/www.discloseparis.com\/de\/conditions-generales-de-vente\/","title":{"rendered":"Verkaufsbedingungen"},"content":{"rendered":"<p>[vc_row][vc_column][vc_column_text]<\/p>\r\n<p><span style=\"color: #ffffff;\"><\/span><\/p>\r\n<p><strong>PR\u00c4AMBEL<\/strong><\/p>\r\n<p><strong>RECHTSINFORMATION<\/strong><\/p>\r\n<p>Gem\u00e4\u00df Artikel 6 des Gesetzes Nr. 2004-575 vom 21. Juni 2004 \u00fcber das Vertrauen in die digitale Wirtschaft wird in diesem Artikel die Identit\u00e4t der verschiedenen Interessengruppen im Rahmen ihrer Umsetzung und ihrer Weiterverfolgung festgelegt.<\/p>\r\n<p>Die Website www.discloseparis.com wird ver\u00f6ffentlicht von:<\/p>\r\n<p>SAS OREL COSMETIC, deren Sitz sich unter folgender Adresse befindet: 13 Bis rue Curial 75019 PARIS, FRANKREICH, unter dem Vorsitz von Herrn Abergel Ouriel und registriert beim RCS PARIS unter der Nummer 848.547.451<\/p>\r\n<p>E-Mail-Adresse: contact@discloseparis.com.<br \/>Mit den folgenden Bestimmungen sollen die allgemeinen Verkaufsbedingungen auf der Website www.discloseparis.com festgelegt werden<\/p>\r\n<p>Diese allgemeinen Verkaufsbedingungen (im Folgenden &#8220;AGB&#8221;) definieren die vertraglichen Rechte und Pflichten des Verk\u00e4ufers und seines Kunden im Rahmen eines Fernabsatzes und des elektronischen Verkaufs von Waren und Produkten.<\/p>\r\n<p>Die AGB regeln ausschlie\u00dflich die Beziehung zwischen Verk\u00e4ufer und Kunde.<\/p>\r\n<p>Die AGB dr\u00fccken alle Verpflichtungen der Parteien aus. Es wird davon ausgegangen, dass der Kunde sie vorbehaltlos annimmt, andernfalls wird seine Bestellung nicht best\u00e4tigt.<\/p>\r\n<p>Im Zweifelsfall \u00fcber die Verkaufsbedingungen gelten die im Fernabsatzsektor von Unternehmen mit Sitz in Frankreich geltenden Praktiken und das Verbrauchergesetzbuch.<\/p>\r\n<p>Der Verk\u00e4ufer beh\u00e4lt sich das Recht vor, die AGB von Zeit zu Zeit zu \u00e4ndern. Die \u00c4nderungen gelten, sobald sie online ver\u00f6ffentlicht werden.<\/p>\r\n<p><strong>ARTIKEL 1. KATALOG ODER ONLINE-SPEICHER<\/strong><\/p>\r\n<p>\u00dcber die Website stellt der Verk\u00e4ufer dem Kunden einen Katalog oder einen Online-Shop zur Verf\u00fcgung, in dem die verkauften Produkte genau dargestellt werden, ohne dass die Fotos einen vertraglichen Wert haben.<\/p>\r\n<p>Die Produkte werden mit gr\u00f6\u00dftm\u00f6glicher Genauigkeit beschrieben und pr\u00e4sentiert. Im Falle von Fehlern oder Auslassungen in der Pr\u00e4sentation kann der Verk\u00e4ufer jedoch nicht f\u00fcr diese Tatsache haftbar gemacht werden.<\/p>\r\n<p>Die Produkte werden im Rahmen der verf\u00fcgbaren Lagerbest\u00e4nde angeboten.<\/p>\r\n<p>Die Preise und Steuern f\u00fcr den Verkauf der Produkte sind im Katalog oder im Online-Shop angegeben.<\/p>\r\n<p><strong>ARTIKEL 2. PREIS<\/strong><\/p>\r\n<p>Der Verk\u00e4ufer beh\u00e4lt sich das Recht vor, seine Preise jederzeit durch Online-Ver\u00f6ffentlichung zu \u00e4ndern.<\/p>\r\n<p>Es gelten nur die zum Zeitpunkt der Bestellung angegebenen aktuellen Preise, sofern das Produkt an diesem Datum verf\u00fcgbar ist.<\/p>\r\n<p>Die Preise sind in Euro angegeben (ohne Steuern und alle Steuern inklusive).<\/p>\r\n<p>Die Preise ber\u00fccksichtigen die am Tag der Bestellung geltenden Steuern, und jede \u00c4nderung des Steuersatzes wird automatisch im Preis der Produkte im Katalog oder im Online-Shop ber\u00fccksichtigt. Wenn eine oder mehrere Steuern oder Beitr\u00e4ge, insbesondere Umweltsteuern, nach oben oder unten geschaffen oder ge\u00e4ndert werden sollen, k\u00f6nnte sich diese \u00c4nderung im Verkaufspreis der Produkte widerspiegeln.<\/p>\r\n<p>Der Gesamtbetrag der Bestellung (einschlie\u00dflich aller Steuern) wird vor der endg\u00fcltigen Validierung des Bestellformulars angegeben.<\/p>\r\n<p>Die Zahlung des vollen Preises muss bei der Bestellung erfolgen.<\/p>\r\n<p><strong>ARTIKEL 3. ONLINE-BESTELLUNG<\/strong><\/p>\r\n<p>Der Kunde hat die M\u00f6glichkeit, ein Bestellformular online \u00fcber ein elektronisches Formular auszuf\u00fcllen. Mit dem Ausf\u00fcllen des elektronischen Formulars akzeptiert der Kunde den Preis und die Beschreibung der Produkte.<\/p>\r\n<p>Der Kunde muss durch Klicken auf die angegebene Stelle diese allgemeinen Verkaufsbedingungen akzeptieren, damit seine Bestellung validiert werden kann.<\/p>\r\n<p>Der Kunde muss eine g\u00fcltige E-Mail-Adresse angeben und best\u00e4tigt durch diese allgemeinen Verkaufsbedingungen, dass ein Austausch mit dem Verk\u00e4ufer unter Verwendung dieser Adresse stattfinden kann.<\/p>\r\n<p>Der Kunde muss auch die Versandart ausw\u00e4hlen und die Zahlungsmethode validieren.<\/p>\r\n<p>Der Verk\u00e4ufer beh\u00e4lt sich das Recht vor, die Bestellung des Kunden im Falle einer Nichtzahlung, einer falschen Adresse oder eines anderen Problems auf dem Konto des Kunden zu sperren, bis das Problem behoben ist.<\/p>\r\n<p><strong>ARTIKEL 4. BEST\u00c4TIGUNG UND ZAHLUNG DER BESTELLUNG<\/strong><\/p>\r\n<p>Dies ist eine Bestellung mit Zahlungsverpflichtung, was bedeutet, dass die Bestellung mit der Zahlung des Kunden verbunden ist.<\/p>\r\n<p>1. ZAHLUNG<\/p>\r\n<p>Der Kunde leistet die Zahlung zum Zeitpunkt der endg\u00fcltigen Validierung der Bestellung unter Angabe seiner Kreditkartennummer.<\/p>\r\n<p>Der Kunde garantiert dem Verk\u00e4ufer, dass er \u00fcber die erforderlichen Berechtigungen zur Verwendung dieser Zahlungsmethode verf\u00fcgt, und erkennt an, dass die zu diesem Zweck gegebenen Informationen einen Beweis f\u00fcr seine Zustimmung zum Verkauf sowie f\u00fcr die Haftung der im Rahmen der Bestellung f\u00e4lligen Betr\u00e4ge darstellen.<\/p>\r\n<p>Im Falle eines Streits oder einer betr\u00fcgerischen Verwendung der Bankkarte ohne physische Verwendung der Bankkarte (Verwendung der Bankkartennummer) kann jede Person innerhalb von 70 Tagen ab dem Datum der Transaktion einen Antrag stellen, indem sie eine Forderung gem\u00e4\u00df den folgenden Angaben sendet Bedingungen, so dass der Verk\u00e4ufer die Kosten des Verkaufs tr\u00e4gt und den umstrittenen Betrag zur\u00fcckgibt:<\/p>\r\n<p>Im Falle einer betr\u00fcgerischen Nutzung der Karte und unter der Bedingung, dass keine tats\u00e4chliche Nutzung des bereitgestellten Dienstes erfolgt ist, was einen Beweis daf\u00fcr darstellt, dass die Nutzung des Kontos korrekt ist, reicht es aus, an den Supportdienst unter der Adresse zu schreiben : contact@discloseparis.com mit dem Ziel: betr\u00fcgerische Verwendung meiner Bankkarte.<\/p>\r\n<p>Streitigkeiten, die nicht gem\u00e4\u00df den oben definierten Regeln und innerhalb der festgelegten Fristen gef\u00fchrt werden, k\u00f6nnen nicht ber\u00fccksichtigt werden und entbinden den Verk\u00e4ufer von jeglicher Haftung.<\/p>\r\n<p>Der Verk\u00e4ufer hat ein Verfahren zur \u00dcberpr\u00fcfung von Bestellungen und Zahlungsmitteln eingerichtet, um eine angemessene Garantie gegen betr\u00fcgerische Verwendung eines Zahlungsmittels zu gew\u00e4hrleisten, einschlie\u00dflich der Aufforderung des Kunden nach Identifikationsdaten.<\/p>\r\n<p>Bei Verweigerung der Autorisierung der Zahlung per Kreditkarte durch akkreditierte Stellen oder bei Nichtzahlung beh\u00e4lt sich der Verk\u00e4ufer das Recht vor, die Bestellung und deren Lieferung auszusetzen oder zu stornieren.<\/p>\r\n<p>Der Verk\u00e4ufer beh\u00e4lt sich au\u00dferdem das Recht vor, eine Bestellung eines K\u00e4ufers abzulehnen, der eine vorherige Bestellung nicht vollst\u00e4ndig oder teilweise bezahlt hat oder mit dem ein Zahlungsstreit l\u00e4uft.<\/p>\r\n<p>2. BEST\u00c4TIGUNG<\/p>\r\n<p>Nach Eingang der Best\u00e4tigung des Kaufs und der Zahlung beim Kunden \u00fcbermittelt der Verk\u00e4ufer dem Kunden unter der von ihm angegebenen E-Mail-Adresse die Best\u00e4tigung des Eingangs des Bestellformulars und eine Kopie des zu druckenden Vertrags.<\/p>\r\n<p>Die Zahlung des vollen Preises muss bei der Bestellung erfolgen.<\/p>\r\n<p>Der Verk\u00e4ufer ist verpflichtet, dem Kunden bei Lieferung eine Rechnung zu senden.<\/p>\r\n<p>Bei Fragen zur Bestellung kann sich der Kunde unter den folgenden Koordinaten an den Kundendienst wenden:<\/p>\r\n<p>Der Kundenservice ist offen und verf\u00fcgbar:<br \/>Montag bis Donnerstag von 9 bis 13 Uhr und von 14 bis 18 Uhr<\/p>\r\n<p>Telefonisch unter:<br \/>Aus Frankreich am 01 84 60 68 38 und aus dem Ausland am +33 1 84 60 68 38<\/p>\r\n<p>Die Lieferzeit betr\u00e4gt 48-72H.<\/p>\r\n<p><strong>ARTIKEL 5. ELEKTRONISCHE UNTERZEICHNUNG<\/strong><\/p>\r\n<p>Gem\u00e4\u00df den Bestimmungen des Gesetzes Nr. 2000-230 vom 13. M\u00e4rz 2000 sind die Online-\u00dcbermittlung der Bankkartennummer des K\u00e4ufers und die endg\u00fcltige Best\u00e4tigung der Bestellung ein Beweis f\u00fcr die Zustimmung des Kunden zum F\u00e4lligkeitsdatum Bestellung, Unterschrift und ausdr\u00fcckliche Annahme aller durchgef\u00fchrten Vorg\u00e4nge.<\/p>\r\n<p><strong>ARTIKEL 6. BEWEIS DER TRANSAKTION<\/strong><\/p>\r\n<p>Kommunikationen, Bestellungen und Zahlungen zwischen dem Kunden und dem Verk\u00e4ufer k\u00f6nnen durch computergest\u00fctzte Register nachgewiesen werden, die unter angemessenen Sicherheitsbedingungen in den Computersystemen des Verk\u00e4ufers aufbewahrt werden. Bestellungen und Rechnungen werden auf einem zuverl\u00e4ssigen und dauerhaften Medium archiviert, das insbesondere als Beweismittel dient.<\/p>\r\n<p><strong>ARTIKEL 7. ZAHLUNGSVERFAHREN<\/strong><\/p>\r\n<p>Alle dem Kunden zur Verf\u00fcgung stehenden Zahlungsmethoden sind auf der Website des Verk\u00e4ufers aufgef\u00fchrt. Der Kunde garantiert dem Verk\u00e4ufer, dass er \u00fcber die erforderlichen Berechtigungen verf\u00fcgt, um die von ihm gew\u00e4hlte Zahlungsmethode bei der Bestellung zu verwenden.<\/p>\r\n<p><strong>ARTIKEL 8: R\u00dcCKGABEPOLITIK<\/strong><\/p>\r\n<p>Sie haben das Recht, vierzehn (14) Tage nach Eingang Ihrer Bestellung gem\u00e4\u00df Artikel 6 dieser Allgemeinen Verkaufsbedingungen zu widerrufen, um die Artikel ohne Angabe von Gr\u00fcnden an uns zur\u00fcckzusenden. Im Rahmen von Artikel L 121-21-8 5 \u00b0 des Verbrauchergesetzbuchs kann dieses Widerrufsrecht nicht ausge\u00fcbt werden, wenn die Warenlieferungen vom Verbraucher nach der Lieferung entsiegelt wurden und aus hygienischen oder gesundheitlichen Gr\u00fcnden nicht zur\u00fcckgegeben werden k\u00f6nnen . Im Falle der Lieferung eines Artikels, der Ihrer Bestellung nicht entspricht oder der w\u00e4hrend des Transports besch\u00e4digt wurde, kontaktieren Sie uns bitte, indem Sie das Formular im Abschnitt \u00fcber den Bedarf an Kundendienstunterst\u00fctzung nach Erhalt des Pakets ausf\u00fcllen. Wenn Sie ein besch\u00e4digtes oder nicht konformes Produkt erhalten, wird ein Foto angefordert. Wir senden Ihnen ein Ersatzprodukt zur\u00fcck oder erstatten Ihnen den vollen Preis des bei der Bestellung bezahlten Artikels. Der Umtausch oder die R\u00fcckerstattung erfolgt nach Erhalt des besch\u00e4digten Produkts in der Originalverpackung. Wenn wir akzeptieren, ein besch\u00e4digtes oder nicht konformes Produkt durch Ihre Bestellung zu ersetzen. Sie m\u00fcssen dieses Produkt innerhalb von 15 Tagen nach dem Datum, an dem wir Ihnen best\u00e4tigt haben, dass es ersetzt wird, an uns zur\u00fccksenden. Bei Nichteinhaltung Ihrer Verpflichtung, das besch\u00e4digte oder nicht konforme Produkt innerhalb dieser Frist von 15 Tagen zur\u00fcckzugeben, behalten wir uns das Recht vor, die f\u00fcr Ihre Bestellung verwendete Kreditkarte mit einem Betrag zu belasten, der dem Preis entspricht (zu dem die Mehrwertsteuer wird hinzugef\u00fcgt) des besch\u00e4digten oder nicht konformen Produkts, das Sie nicht an uns zur\u00fcckgesandt haben. In diesem Fall gilt ein zweiter Verkauf, der einer aufschiebenden Bedingung unterliegt, als von uns durchgef\u00fchrt. Dieser Pr\u00e4zedenzfall ist erf\u00fcllt, wenn am Ende des Zeitraums von 15 Tagen nach dem Datum, an dem wir Ihnen ein Ersatzprodukt gesendet haben, das besch\u00e4digte oder nicht konforme Produkt nicht an uns zur\u00fcckgesandt wird.<\/p>\r\n<p><span style=\"color: #949a9d;\"><strong>\u00a0<\/strong><\/span><\/p>\r\n<p><strong>ARTIKEL 9. R\u00dcCKZUGSRECHT NUR AUF ENTFERNUNGSVERKAUF<\/strong><\/p>\r\n<p>Der Verbraucher hat ab Eingang seiner Bestellung eine Frist von vierzehn (14) Tagen, um von seinem Widerrufsrecht Gebrauch zu machen, ohne Gr\u00fcnde begr\u00fcnden oder Strafen zahlen zu m\u00fcssen, mit Ausnahme der Kosten, sofern zutreffend<\/p>\r\n<p>Angesichts der Besonderheit der auf der Website discloseparis.com verkauften und auf der Website discloseparis.com pr\u00e4sentierten Produkte konnte aus offensichtlichen hygienischen Gr\u00fcnden kein Widerruf akzeptiert werden, wenn die Kartons, Verpackungen und erst recht die Beh\u00e4lter der Produkte des DiscloseParis-Sortiments oder eines anderen Das Sortiment m\u00f6glicherweise einer anderen Marke, die auf der DiscloseParis-Website verkauft wurde, wurde vor ihrer R\u00fcckkehr ge\u00f6ffnet oder entsiegelt.<\/p>\r\n<p><strong>ARTIKEL 10. FORCE MAJEURE<\/strong><\/p>\r\n<p>Die Parteien sind von ihren Verpflichtungen befreit, falls ein Umstand, der einen Fall h\u00f6herer Gewalt im Sinne von Artikel 1218 des B\u00fcrgerlichen Gesetzbuchs darstellt, ihre Vollstreckung verhindert. Die Verpflichtungen der Parteien werden ausgesetzt.<\/p>\r\n<p>Die Partei, die sich auf einen solchen Umstand beruft, muss die andere Partei unverz\u00fcglich \u00fcber ihr Auftreten und ihr Verschwinden informieren.<\/p>\r\n<p>Alle unwiderstehlichen und unvorhersehbaren, unvermeidlichen Tatsachen oder Umst\u00e4nde, die von letzterem trotz aller in der franz\u00f6sischen Rechtsprechung als angemessen definierten Anstrengungen und insbesondere der Sperrung von Transportmitteln nicht verhindert werden k\u00f6nnen, gelten als F\u00e4lle h\u00f6herer Gewalt. oder Lieferungen, Erdbeben, Br\u00e4nde, St\u00fcrme, \u00dcberschwemmungen, Blitze und Abschaltungen von Telekommunikationsnetzen.<\/p>\r\n<p>Wenn das Ereignis h\u00f6herer Gewalt l\u00e4nger als drei Monate dauert, k\u00f6nnen diese allgemeinen Bedingungen vom Gesch\u00e4digten gek\u00fcndigt werden.<\/p>\r\n<p><strong>ARTIKEL 11. TEILWEISE NULLIT\u00c4T<\/strong><\/p>\r\n<p>Sollten eine oder mehrere Bestimmungen dieser allgemeinen Verkaufsbedingungen durch Anwendung des Gesetzes, einer Verordnung oder einer endg\u00fcltigen Entscheidung eines franz\u00f6sischen Gerichts f\u00fcr nichtig erkl\u00e4rt werden, behalten die anderen Bestimmungen ihre gesamte Kraft und ihren Geltungsbereich.<\/p>\r\n<p><strong>ARTIKEL 12. ANWENDBARES RECHT UND KOMPETENTER GERICHTSSTAND<\/strong><\/p>\r\n<p>Der Verk\u00e4ufer hat eine stabile und dauerhafte Niederlassung in Frankreich, um seine T\u00e4tigkeit unabh\u00e4ngig vom Standort seines Hauptsitzes bei einer juristischen Person effektiv aus\u00fcben zu k\u00f6nnen.<\/p>\r\n<p>Diese AGB unterliegen auch der Anwendung des franz\u00f6sischen Rechts unter Ausschluss der Bestimmungen des Wiener \u00dcbereinkommens.<\/p>\r\n<p>Im Falle einer Streitigkeit oder Beschwerde wird der Kunde zuerst den Verk\u00e4ufer kontaktieren, um eine g\u00fctliche L\u00f6sung zu erhalten.<\/p>\r\n<p>In Ermangelung einer einvernehmlichen Vereinbarung kann der Kunde, wenn er als Verbraucher einen Vertrag abschlie\u00dft, ein Verfahren vor dem Gericht seiner Wahl einleiten und, wenn er als Fachmann einen Vertrag abschlie\u00dft, ein Verfahren vor dem Gericht des Sitzes des Hauptsitzes des Verk\u00e4ufers einleiten soziale Sicherheit.<\/p>\r\n<p>[\/vc_column_text][\/vc_column][\/vc_row]<\/p>","protected":false},"excerpt":{"rendered":"<p>[vc_row][vc_column][vc_column_text] PR\u00c4AMBEL RECHTSINFORMATION Gem\u00e4\u00df Artikel 6 des Gesetzes Nr. 2004-575 vom 21. Juni 2004 \u00fcber das Vertrauen in die digitale Wirtschaft wird in diesem Artikel die Identit\u00e4t der verschiedenen Interessengruppen im Rahmen ihrer Umsetzung und ihrer Weiterverfolgung festgelegt. Die Website www.discloseparis.com wird ver\u00f6ffentlicht von: SAS OREL COSMETIC, deren Sitz sich unter folgender Adresse befindet: 13 Bis rue Curial 75019 PARIS, FRANKREICH, unter dem Vorsitz von Herrn Abergel Ouriel und registriert beim RCS PARIS unter der Nummer 848.547.451 E-Mail-Adresse: contact@discloseparis.com.Mit den folgenden Bestimmungen sollen die allgemeinen Verkaufsbedingungen auf der Website www.discloseparis.com festgelegt werden Diese allgemeinen Verkaufsbedingungen (im Folgenden &#8220;AGB&#8221;) definieren die [&hellip;]<\/p>\n","protected":false},"author":1,"featured_media":0,"parent":0,"menu_order":0,"comment_status":"closed","ping_status":"open","template":"","meta":{"footnotes":""},"class_list":["post-4007","page","type-page","status-publish","hentry"],"translation":{"provider":"WPGlobus","version":"3.0.2","language":"de","enabled_languages":["fr","en","de"],"languages":{"fr":{"title":true,"content":true,"excerpt":false},"en":{"title":true,"content":true,"excerpt":false},"de":{"title":true,"content":true,"excerpt":false}}},"jetpack_sharing_enabled":true,"_links":{"self":[{"href":"https:\/\/www.discloseparis.com\/de\/wp-json\/wp\/v2\/pages\/4007","targetHints":{"allow":["GET"]}}],"collection":[{"href":"https:\/\/www.discloseparis.com\/de\/wp-json\/wp\/v2\/pages"}],"about":[{"href":"https:\/\/www.discloseparis.com\/de\/wp-json\/wp\/v2\/types\/page"}],"author":[{"embeddable":true,"href":"https:\/\/www.discloseparis.com\/de\/wp-json\/wp\/v2\/users\/1"}],"replies":[{"embeddable":true,"href":"https:\/\/www.discloseparis.com\/de\/wp-json\/wp\/v2\/comments?post=4007"}],"version-history":[{"count":11,"href":"https:\/\/www.discloseparis.com\/de\/wp-json\/wp\/v2\/pages\/4007\/revisions"}],"predecessor-version":[{"id":4912,"href":"https:\/\/www.discloseparis.com\/de\/wp-json\/wp\/v2\/pages\/4007\/revisions\/4912"}],"wp:attachment":[{"href":"https:\/\/www.discloseparis.com\/de\/wp-json\/wp\/v2\/media?parent=4007"}],"curies":[{"name":"wp","href":"https:\/\/api.w.org\/{rel}","templated":true}]}}