{"id":174,"date":"2019-07-18T08:55:18","date_gmt":"2019-07-18T08:55:18","guid":{"rendered":"https:\/\/nille.qodeinteractive.com\/?page_id=174"},"modified":"2021-04-06T11:08:33","modified_gmt":"2021-04-06T09:08:33","slug":"la-maison","status":"publish","type":"page","link":"https:\/\/www.discloseparis.com\/de\/la-maison\/","title":{"rendered":"Das Haus"},"content":{"rendered":"<p>[vc_row row_content_width=&#8221;grid&#8221; css=&#8221;.vc_custom_1579769563284{padding-top: 50px !important;padding-bottom: 0px !important;}&#8221;][vc_column offset=&#8221;vc_col-lg-6 vc_col-md-12&#8243;][vc_empty_space height=&#8221;100px&#8221;][\/vc_column][\/vc_row][vc_row row_content_width=&#8221;grid&#8221; css=&#8221;.vc_custom_1579769831750{padding-top: 0px !important;padding-bottom: 0px !important;background-color: #242729 !important;}&#8221;][vc_column offset=&#8221;vc_col-lg-6 vc_col-md-12&#8243;][vc_column_text]<\/p>\n<h4><span style=\"color: #ffffff;\">WER SIND WIR ?<\/span><\/h4>\n<p>[\/vc_column_text][vc_column_text]Die Marke Disclose entstand aus einer Leidenschaft f\u00fcr die Welt der Sch\u00f6nheit und Kosmetik. Und ein Traum, die besten Produkte allen zug\u00e4nglich zu machen, die einen Verb\u00fcndeten der wahren Sch\u00f6nheit brauchen.<\/p>\n<p>Im Laufe der Jahre, die uns mit Rezepten, Naturprodukten und frischen Ideen bereichert haben, haben wir unser Sortiment um ein Schlagwort herum entwickelt: enth\u00fcllen. Die Sch\u00f6nheit, die Nat\u00fcrlichkeit, was in jedem Potenzial ist.<\/p>\n<p>Disclose hilft Ihnen dabei. Entdecken Sie die Sch\u00f6nheit, indem Sie t\u00e4glich die handwerklich gestalteten Sortimente mit fast vergessenen Rezepten der Vorfahren verwenden. Ziegenmilch, Hanf, schwarzer Ton, w\u00fcrziger Honig &#8230;[\/vc_column_text][vc_empty_space height=&#8221;3px&#8221;][vc_empty_space height=&#8221;40px&#8221;][\/vc_column][vc_column offset=&#8221;vc_col-lg-6 vc_col-md-12&#8243;]<div class=\"qodef-single-image-holder   \">\n    <div class=\"qodef-si-inner\" >\n                                    <img loading=\"lazy\" decoding=\"async\" width=\"1244\" height=\"829\" src=\"https:\/\/www.discloseparis.com\/wp-content\/uploads\/2020\/01\/AB1O0261.jpg\" class=\"attachment-full size-full\" alt=\"\" srcset=\"https:\/\/www.discloseparis.com\/wp-content\/uploads\/2020\/01\/AB1O0261.jpg 1244w, https:\/\/www.discloseparis.com\/wp-content\/uploads\/2020\/01\/AB1O0261-600x400.jpg 600w, https:\/\/www.discloseparis.com\/wp-content\/uploads\/2020\/01\/AB1O0261-300x200.jpg 300w, https:\/\/www.discloseparis.com\/wp-content\/uploads\/2020\/01\/AB1O0261-1024x682.jpg 1024w, https:\/\/www.discloseparis.com\/wp-content\/uploads\/2020\/01\/AB1O0261-768x512.jpg 768w\" sizes=\"auto, (max-width: 1244px) 100vw, 1244px\" \/>                        <\/div>\n<\/div>[\/vc_column][\/vc_row][vc_row row_content_width=&#8221;grid&#8221; css=&#8221;.vc_custom_1579769563284{padding-top: 50px !important;padding-bottom: 0px !important;}&#8221;][vc_column offset=&#8221;vc_col-lg-6 vc_col-md-12&#8243;][vc_empty_space height=&#8221;50px&#8221;][\/vc_column][\/vc_row][vc_row row_content_width=&#8221;grid&#8221; css=&#8221;.vc_custom_1579769837151{padding-top: 0px !important;padding-bottom: 0px !important;background-color: #242729 !important;}&#8221;][vc_column offset=&#8221;vc_col-lg-6 vc_col-md-12&#8243;]<div class=\"qodef-single-image-holder   \">\n    <div class=\"qodef-si-inner\" >\n                                    <img loading=\"lazy\" decoding=\"async\" width=\"1244\" height=\"829\" src=\"https:\/\/www.discloseparis.com\/wp-content\/uploads\/2020\/01\/AB1O0214.jpg\" class=\"attachment-full size-full\" alt=\"\" srcset=\"https:\/\/www.discloseparis.com\/wp-content\/uploads\/2020\/01\/AB1O0214.jpg 1244w, https:\/\/www.discloseparis.com\/wp-content\/uploads\/2020\/01\/AB1O0214-600x400.jpg 600w, https:\/\/www.discloseparis.com\/wp-content\/uploads\/2020\/01\/AB1O0214-300x200.jpg 300w, https:\/\/www.discloseparis.com\/wp-content\/uploads\/2020\/01\/AB1O0214-1024x682.jpg 1024w, https:\/\/www.discloseparis.com\/wp-content\/uploads\/2020\/01\/AB1O0214-768x512.jpg 768w\" sizes=\"auto, (max-width: 1244px) 100vw, 1244px\" \/>                        <\/div>\n<\/div>[\/vc_column][vc_column offset=&#8221;vc_col-lg-6 vc_col-md-12&#8243;][vc_column_text]<\/p>\n<h4><span style=\"color: #ffffff;\">DIE MARKE<\/span><\/h4>\n<p>[\/vc_column_text][vc_column_text]Sublimieren Sie die Frau unter Achtung ihrer Natur: Disclose Paris r\u00e4uchert eine nat\u00fcrliche und schillernde Weiblichkeit.<\/p>\n<p>Unsere Gesichts- und Haarpflegeserien erf\u00fcllen unterschiedliche Bed\u00fcrfnisse und passen sich jedem an. Im Mittelpunkt unserer Produkte stehen Inhaltsstoffe mit Wirkstoffen, die die Qualit\u00e4t von Haut und Haaren n\u00e4hren, behandeln und verbessern.<\/p>\n<p>Unsere Behandlungen werden Sie mit angenehmen Texturen und bemerkenswerter Effizienz verf\u00fchren.[\/vc_column_text][\/vc_column][\/vc_row][vc_row row_content_width=&#8221;grid&#8221; css=&#8221;.vc_custom_1579769563284{padding-top: 50px !important;padding-bottom: 0px !important;}&#8221;][vc_column offset=&#8221;vc_col-lg-6 vc_col-md-12&#8243;][vc_empty_space height=&#8221;50px&#8221;][\/vc_column][\/vc_row]<\/p>\n","protected":false},"excerpt":{"rendered":"<p>[vc_row row_content_width=&#8221;grid&#8221; css=&#8221;.vc_custom_1579769563284{padding-top: 50px !important;padding-bottom: 0px !important;}&#8221;][vc_column offset=&#8221;vc_col-lg-6 vc_col-md-12&#8243;][vc_empty_space height=&#8221;100px&#8221;][\/vc_column][\/vc_row][vc_row row_content_width=&#8221;grid&#8221; css=&#8221;.vc_custom_1579769831750{padding-top: 0px !important;padding-bottom: 0px !important;background-color: #242729 !important;}&#8221;][vc_column offset=&#8221;vc_col-lg-6 vc_col-md-12&#8243;][vc_column_text] WER SIND WIR ? [\/vc_column_text][vc_column_text]Die Marke Disclose entstand aus einer Leidenschaft f\u00fcr die Welt der Sch\u00f6nheit und Kosmetik. Und ein Traum, die besten Produkte allen zug\u00e4nglich zu machen, die einen Verb\u00fcndeten der wahren Sch\u00f6nheit brauchen. Im Laufe der Jahre, die uns mit Rezepten, Naturprodukten und frischen Ideen bereichert haben, haben wir unser Sortiment um ein Schlagwort herum entwickelt: enth\u00fcllen. Die Sch\u00f6nheit, die Nat\u00fcrlichkeit, was in jedem Potenzial ist. Disclose hilft Ihnen dabei. Entdecken Sie die Sch\u00f6nheit, indem Sie t\u00e4glich die [&hellip;]<\/p>\n","protected":false},"author":1,"featured_media":0,"parent":0,"menu_order":0,"comment_status":"closed","ping_status":"closed","template":"full-width.php","meta":{"footnotes":""},"class_list":["post-174","page","type-page","status-publish","hentry"],"translation":{"provider":"WPGlobus","version":"3.0.2","language":"de","enabled_languages":["fr","en","de"],"languages":{"fr":{"title":true,"content":true,"excerpt":false},"en":{"title":true,"content":true,"excerpt":false},"de":{"title":true,"content":true,"excerpt":false}}},"jetpack_sharing_enabled":true,"_links":{"self":[{"href":"https:\/\/www.discloseparis.com\/de\/wp-json\/wp\/v2\/pages\/174","targetHints":{"allow":["GET"]}}],"collection":[{"href":"https:\/\/www.discloseparis.com\/de\/wp-json\/wp\/v2\/pages"}],"about":[{"href":"https:\/\/www.discloseparis.com\/de\/wp-json\/wp\/v2\/types\/page"}],"author":[{"embeddable":true,"href":"https:\/\/www.discloseparis.com\/de\/wp-json\/wp\/v2\/users\/1"}],"replies":[{"embeddable":true,"href":"https:\/\/www.discloseparis.com\/de\/wp-json\/wp\/v2\/comments?post=174"}],"version-history":[{"count":23,"href":"https:\/\/www.discloseparis.com\/de\/wp-json\/wp\/v2\/pages\/174\/revisions"}],"predecessor-version":[{"id":4893,"href":"https:\/\/www.discloseparis.com\/de\/wp-json\/wp\/v2\/pages\/174\/revisions\/4893"}],"wp:attachment":[{"href":"https:\/\/www.discloseparis.com\/de\/wp-json\/wp\/v2\/media?parent=174"}],"curies":[{"name":"wp","href":"https:\/\/api.w.org\/{rel}","templated":true}]}}